{"id":3339,"date":"2023-10-18T23:19:40","date_gmt":"2023-10-18T21:19:40","guid":{"rendered":"https:\/\/www.sanitas.shop\/produkt\/organic-green-tea-china-pu-erh-organic\/"},"modified":"2025-10-17T09:54:59","modified_gmt":"2025-10-17T07:54:59","slug":"organic-green-tea-china-pu-erh-organic","status":"publish","type":"product","link":"https:\/\/www.sanitas.shop\/en\/product\/organic-green-tea-china-pu-erh-organic\/","title":{"rendered":"Organic green tea China &#8220;Pu-Erh Organic&#8221;"},"content":{"rendered":"<p>An organic oolong tea (DE-\u00d6KO-039) with special, traditional fermentation from the Chinese province of Yunnan. It is also known as &#8220;red tea&#8221; and tastes sweet and spicy to earthy from a dark cup. <\/p>\n<p><strong>Preparation:<\/strong><\/p>\n<p>Pour boiling water over approx. 1-2 teaspoons of tea per half liter of water and leave to infuse for 3-4 minutes.<\/p>\n<p><strong>What is meant by controlled organic cultivation?<\/strong><\/p>\n<p>A new regulation on organic farming came into force on January 1, 2009. It replaces the previous Regulation (EEC) No. 2092\/91 and its many successor regulations. A key component of the EC Organic Regulation is the control system. In Germany, both state monitoring authorities and private inspection bodies are involved in the inspection system. All producing, processing, trading and feed manufacturing companies are inspected at least once a year. Additional unannounced inspections are also carried out.<br \/>\n<strong>sanitas<\/strong> is certified by the &#8220;Gesellschaft f\u00fcr Ressourcenschutz&#8221; in G\u00f6ttingen. Our control number is: DE-\u00d6KO-039.      <\/p>\n<p><strong>Ingredients: <\/strong>An organic oolong tea (DE-\u00d6KO-039) with special, traditional fermentation from the Chinese province of Yunnan.<\/p>\n","protected":false},"excerpt":{"rendered":"<p>An organic oolong tea (DE-\u00d6KO-039) with special, traditional fermentation from the Chinese province of Yunnan. It is also known as &#8220;red tea&#8221; and tastes sweet and spicy to earthy from a dark cup. Preparation: Pour boiling water over approx. 1-2 teaspoons of tea per half liter of water and leave to infuse for 3-4 minutes. [&hellip;]<\/p>\n","protected":false},"featured_media":3212,"template":"","meta":{"_seopress_robots_primary_cat":"none","_seopress_titles_title":"","_seopress_titles_desc":"","_seopress_robots_index":""},"product_brand":[],"product_cat":[154,154,191,191],"product_tag":[],"class_list":{"0":"post-3339","1":"product","2":"type-product","3":"status-publish","4":"has-post-thumbnail","6":"product_cat-tea","8":"product_cat-green-tea","11":"first","12":"instock","13":"taxable","14":"shipping-taxable","15":"purchasable","16":"product-type-variable","17":"has-default-attributes"},"meta_box":{"hersteller":[],"auszeichnungen":[],"nettofuellmenge":""},"tiered_pricing_type":"fixed","tiered_pricing_fixed_rules":[],"tiered_pricing_product_settings":{"layout":"default","base_unit_name":{"singular":null,"plural":null},"default_variation":null},"tiered_pricing_minimum_quantity":null,"tiered_pricing_roles_data":[],"tiered_pricing_percentage_rules":[],"tiered_pricing_maximum_quantity":null,"tiered_pricing_quantity_step":null,"_links":{"self":[{"href":"https:\/\/www.sanitas.shop\/en\/wp-json\/wp\/v2\/product\/3339","targetHints":{"allow":["GET"]}}],"collection":[{"href":"https:\/\/www.sanitas.shop\/en\/wp-json\/wp\/v2\/product"}],"about":[{"href":"https:\/\/www.sanitas.shop\/en\/wp-json\/wp\/v2\/types\/product"}],"wp:featuredmedia":[{"embeddable":true,"href":"https:\/\/www.sanitas.shop\/en\/wp-json\/wp\/v2\/media\/3212"}],"wp:attachment":[{"href":"https:\/\/www.sanitas.shop\/en\/wp-json\/wp\/v2\/media?parent=3339"}],"wp:term":[{"taxonomy":"product_brand","embeddable":true,"href":"https:\/\/www.sanitas.shop\/en\/wp-json\/wp\/v2\/product_brand?post=3339"},{"taxonomy":"product_cat","embeddable":true,"href":"https:\/\/www.sanitas.shop\/en\/wp-json\/wp\/v2\/product_cat?post=3339"},{"taxonomy":"product_tag","embeddable":true,"href":"https:\/\/www.sanitas.shop\/en\/wp-json\/wp\/v2\/product_tag?post=3339"}],"curies":[{"name":"wp","href":"https:\/\/api.w.org\/{rel}","templated":true}]}}